{"id":101960,"date":"2020-05-12T16:33:47","date_gmt":"2020-05-12T14:33:47","guid":{"rendered":"https:\/\/ledco.sk\/inspirace-z-katalogu\/"},"modified":"2020-05-15T13:23:33","modified_gmt":"2020-05-15T11:23:33","slug":"inspirace-z-katalogu","status":"publish","type":"page","link":"https:\/\/ledco.sk\/cs\/inspirace-z-katalogu\/","title":{"rendered":"Inspirace z katalog\u016f"},"content":{"rendered":"","protected":false},"excerpt":{"rendered":"","protected":false},"author":1,"featured_media":0,"parent":0,"menu_order":0,"comment_status":"closed","ping_status":"closed","template":"page_showcase.php","meta":{"_acf_changed":false,"footnotes":""},"class_list":["post-101960","page","type-page","status-publish","hentry"],"acf":[],"yoast_head":"<!-- This site is optimized with the Yoast SEO plugin v25.0 - https:\/\/yoast.com\/wordpress\/plugins\/seo\/ -->\n<title>Sv\u00edtidla r\u016fzn\u00fdch zna\u010dek a inspirace z katalog\u016f - Ledco<\/title>\n<meta name=\"description\" content=\"Nechte se inspirovat sv\u00edtidly r\u016fzn\u00fdch zna\u010dek na fotk\u00e1ch z katalog\u016f. Osv\u011btlen\u00ed interi\u00e9r\u016f a exteri\u00e9r\u016f, modern\u00ed a designov\u00e9 sv\u00edtidla.\" \/>\n<meta name=\"robots\" content=\"index, follow, max-snippet:-1, max-image-preview:large, max-video-preview:-1\" \/>\n<link rel=\"canonical\" href=\"https:\/\/ledco.sk\/cs\/inspirace-z-katalogu\/\" \/>\n<meta property=\"og:locale\" content=\"cs_CZ\" \/>\n<meta property=\"og:type\" content=\"article\" \/>\n<meta property=\"og:title\" content=\"Sv\u00edtidla r\u016fzn\u00fdch zna\u010dek a inspirace z katalog\u016f - Ledco\" \/>\n<meta property=\"og:description\" content=\"Nechte se inspirovat sv\u00edtidly r\u016fzn\u00fdch zna\u010dek na fotk\u00e1ch z katalog\u016f. Osv\u011btlen\u00ed interi\u00e9r\u016f a exteri\u00e9r\u016f, modern\u00ed a designov\u00e9 sv\u00edtidla.\" \/>\n<meta property=\"og:url\" content=\"https:\/\/ledco.sk\/cs\/inspirace-z-katalogu\/\" \/>\n<meta property=\"og:site_name\" content=\"Ledco\" \/>\n<meta property=\"article:publisher\" content=\"https:\/\/www.facebook.com\/pages\/LEDCO-sro\/172577579457232?fref=ts\" \/>\n<meta property=\"article:modified_time\" content=\"2020-05-15T11:23:33+00:00\" \/>\n<meta name=\"twitter:card\" content=\"summary_large_image\" \/>\n<meta name=\"twitter:site\" content=\"@ledcolighting\" \/>\n<script type=\"application\/ld+json\" class=\"yoast-schema-graph\">{\"@context\":\"https:\/\/schema.org\",\"@graph\":[{\"@type\":\"WebPage\",\"@id\":\"https:\/\/ledco.sk\/cs\/inspirace-z-katalogu\/\",\"url\":\"https:\/\/ledco.sk\/cs\/inspirace-z-katalogu\/\",\"name\":\"Sv\u00edtidla r\u016fzn\u00fdch zna\u010dek a inspirace z katalog\u016f - Ledco\",\"isPartOf\":{\"@id\":\"https:\/\/ledco.sk\/cs\/#website\"},\"datePublished\":\"2020-05-12T14:33:47+00:00\",\"dateModified\":\"2020-05-15T11:23:33+00:00\",\"description\":\"Nechte se inspirovat sv\u00edtidly r\u016fzn\u00fdch zna\u010dek na fotk\u00e1ch z katalog\u016f. Osv\u011btlen\u00ed interi\u00e9r\u016f a exteri\u00e9r\u016f, modern\u00ed a designov\u00e9 sv\u00edtidla.\",\"breadcrumb\":{\"@id\":\"https:\/\/ledco.sk\/cs\/inspirace-z-katalogu\/#breadcrumb\"},\"inLanguage\":\"cs\",\"potentialAction\":[{\"@type\":\"ReadAction\",\"target\":[\"https:\/\/ledco.sk\/cs\/inspirace-z-katalogu\/\"]}]},{\"@type\":\"BreadcrumbList\",\"@id\":\"https:\/\/ledco.sk\/cs\/inspirace-z-katalogu\/#breadcrumb\",\"itemListElement\":[{\"@type\":\"ListItem\",\"position\":1,\"name\":\"Home\",\"item\":\"https:\/\/ledco.sk\/cs\/\"},{\"@type\":\"ListItem\",\"position\":2,\"name\":\"Inspirace z katalog\u016f\"}]},{\"@type\":\"WebSite\",\"@id\":\"https:\/\/ledco.sk\/cs\/#website\",\"url\":\"https:\/\/ledco.sk\/cs\/\",\"name\":\"Ledco\",\"description\":\"Predaj svietidiel, n\u00e1vrh, poradenstvo a realiz\u00e1cia osvetlenia\",\"publisher\":{\"@id\":\"https:\/\/ledco.sk\/cs\/#organization\"},\"potentialAction\":[{\"@type\":\"SearchAction\",\"target\":{\"@type\":\"EntryPoint\",\"urlTemplate\":\"https:\/\/ledco.sk\/cs\/?s={search_term_string}\"},\"query-input\":{\"@type\":\"PropertyValueSpecification\",\"valueRequired\":true,\"valueName\":\"search_term_string\"}}],\"inLanguage\":\"cs\"},{\"@type\":\"Organization\",\"@id\":\"https:\/\/ledco.sk\/cs\/#organization\",\"name\":\"LEDCO s.r.o.\",\"url\":\"https:\/\/ledco.sk\/cs\/\",\"logo\":{\"@type\":\"ImageObject\",\"inLanguage\":\"cs\",\"@id\":\"https:\/\/ledco.sk\/cs\/#\/schema\/logo\/image\/\",\"url\":\"https:\/\/ledco.sk\/wp-content\/uploads\/2020\/03\/Logo_LEDCO.jpg\",\"contentUrl\":\"https:\/\/ledco.sk\/wp-content\/uploads\/2020\/03\/Logo_LEDCO.jpg\",\"width\":230,\"height\":73,\"caption\":\"LEDCO s.r.o.\"},\"image\":{\"@id\":\"https:\/\/ledco.sk\/cs\/#\/schema\/logo\/image\/\"},\"sameAs\":[\"https:\/\/www.facebook.com\/pages\/LEDCO-sro\/172577579457232?fref=ts\",\"https:\/\/x.com\/ledcolighting\",\"https:\/\/www.instagram.com\/ledco_lighting\/\",\"https:\/\/pinterest.com\/ledcolighting\/\",\"https:\/\/www.youtube.com\/user\/ledcoled\"]}]}<\/script>\n<!-- \/ Yoast SEO plugin. -->","yoast_head_json":{"title":"Sv\u00edtidla r\u016fzn\u00fdch zna\u010dek a inspirace z katalog\u016f - Ledco","description":"Nechte se inspirovat sv\u00edtidly r\u016fzn\u00fdch zna\u010dek na fotk\u00e1ch z katalog\u016f. Osv\u011btlen\u00ed interi\u00e9r\u016f a exteri\u00e9r\u016f, modern\u00ed a designov\u00e9 sv\u00edtidla.","robots":{"index":"index","follow":"follow","max-snippet":"max-snippet:-1","max-image-preview":"max-image-preview:large","max-video-preview":"max-video-preview:-1"},"canonical":"https:\/\/ledco.sk\/cs\/inspirace-z-katalogu\/","og_locale":"cs_CZ","og_type":"article","og_title":"Sv\u00edtidla r\u016fzn\u00fdch zna\u010dek a inspirace z katalog\u016f - Ledco","og_description":"Nechte se inspirovat sv\u00edtidly r\u016fzn\u00fdch zna\u010dek na fotk\u00e1ch z katalog\u016f. Osv\u011btlen\u00ed interi\u00e9r\u016f a exteri\u00e9r\u016f, modern\u00ed a designov\u00e9 sv\u00edtidla.","og_url":"https:\/\/ledco.sk\/cs\/inspirace-z-katalogu\/","og_site_name":"Ledco","article_publisher":"https:\/\/www.facebook.com\/pages\/LEDCO-sro\/172577579457232?fref=ts","article_modified_time":"2020-05-15T11:23:33+00:00","twitter_card":"summary_large_image","twitter_site":"@ledcolighting","schema":{"@context":"https:\/\/schema.org","@graph":[{"@type":"WebPage","@id":"https:\/\/ledco.sk\/cs\/inspirace-z-katalogu\/","url":"https:\/\/ledco.sk\/cs\/inspirace-z-katalogu\/","name":"Sv\u00edtidla r\u016fzn\u00fdch zna\u010dek a inspirace z katalog\u016f - Ledco","isPartOf":{"@id":"https:\/\/ledco.sk\/cs\/#website"},"datePublished":"2020-05-12T14:33:47+00:00","dateModified":"2020-05-15T11:23:33+00:00","description":"Nechte se inspirovat sv\u00edtidly r\u016fzn\u00fdch zna\u010dek na fotk\u00e1ch z katalog\u016f. Osv\u011btlen\u00ed interi\u00e9r\u016f a exteri\u00e9r\u016f, modern\u00ed a designov\u00e9 sv\u00edtidla.","breadcrumb":{"@id":"https:\/\/ledco.sk\/cs\/inspirace-z-katalogu\/#breadcrumb"},"inLanguage":"cs","potentialAction":[{"@type":"ReadAction","target":["https:\/\/ledco.sk\/cs\/inspirace-z-katalogu\/"]}]},{"@type":"BreadcrumbList","@id":"https:\/\/ledco.sk\/cs\/inspirace-z-katalogu\/#breadcrumb","itemListElement":[{"@type":"ListItem","position":1,"name":"Home","item":"https:\/\/ledco.sk\/cs\/"},{"@type":"ListItem","position":2,"name":"Inspirace z katalog\u016f"}]},{"@type":"WebSite","@id":"https:\/\/ledco.sk\/cs\/#website","url":"https:\/\/ledco.sk\/cs\/","name":"Ledco","description":"Predaj svietidiel, n\u00e1vrh, poradenstvo a realiz\u00e1cia osvetlenia","publisher":{"@id":"https:\/\/ledco.sk\/cs\/#organization"},"potentialAction":[{"@type":"SearchAction","target":{"@type":"EntryPoint","urlTemplate":"https:\/\/ledco.sk\/cs\/?s={search_term_string}"},"query-input":{"@type":"PropertyValueSpecification","valueRequired":true,"valueName":"search_term_string"}}],"inLanguage":"cs"},{"@type":"Organization","@id":"https:\/\/ledco.sk\/cs\/#organization","name":"LEDCO s.r.o.","url":"https:\/\/ledco.sk\/cs\/","logo":{"@type":"ImageObject","inLanguage":"cs","@id":"https:\/\/ledco.sk\/cs\/#\/schema\/logo\/image\/","url":"https:\/\/ledco.sk\/wp-content\/uploads\/2020\/03\/Logo_LEDCO.jpg","contentUrl":"https:\/\/ledco.sk\/wp-content\/uploads\/2020\/03\/Logo_LEDCO.jpg","width":230,"height":73,"caption":"LEDCO s.r.o."},"image":{"@id":"https:\/\/ledco.sk\/cs\/#\/schema\/logo\/image\/"},"sameAs":["https:\/\/www.facebook.com\/pages\/LEDCO-sro\/172577579457232?fref=ts","https:\/\/x.com\/ledcolighting","https:\/\/www.instagram.com\/ledco_lighting\/","https:\/\/pinterest.com\/ledcolighting\/","https:\/\/www.youtube.com\/user\/ledcoled"]}]}},"_links":{"self":[{"href":"https:\/\/ledco.sk\/cs\/wp-json\/wp\/v2\/pages\/101960","targetHints":{"allow":["GET"]}}],"collection":[{"href":"https:\/\/ledco.sk\/cs\/wp-json\/wp\/v2\/pages"}],"about":[{"href":"https:\/\/ledco.sk\/cs\/wp-json\/wp\/v2\/types\/page"}],"author":[{"embeddable":true,"href":"https:\/\/ledco.sk\/cs\/wp-json\/wp\/v2\/users\/1"}],"replies":[{"embeddable":true,"href":"https:\/\/ledco.sk\/cs\/wp-json\/wp\/v2\/comments?post=101960"}],"version-history":[{"count":1,"href":"https:\/\/ledco.sk\/cs\/wp-json\/wp\/v2\/pages\/101960\/revisions"}],"predecessor-version":[{"id":102141,"href":"https:\/\/ledco.sk\/cs\/wp-json\/wp\/v2\/pages\/101960\/revisions\/102141"}],"wp:attachment":[{"href":"https:\/\/ledco.sk\/cs\/wp-json\/wp\/v2\/media?parent=101960"}],"curies":[{"name":"wp","href":"https:\/\/api.w.org\/{rel}","templated":true}]}}