{"id":101963,"date":"2020-05-12T16:34:37","date_gmt":"2020-05-12T14:34:37","guid":{"rendered":"https:\/\/ledco.sk\/404-2\/"},"modified":"2020-05-12T16:34:38","modified_gmt":"2020-05-12T14:34:38","slug":"404-2","status":"publish","type":"page","link":"https:\/\/ledco.sk\/cs\/404-2\/","title":{"rendered":"404"},"content":{"rendered":"\n    <section id=\"block_5e66a814c2b4f\" class=\"section-transparent mb-5 mb-md-9 mt-15 section  section-news align-full\">\n        <div class=\"container\">\n            <div class=\"row\">\n                <div class=\"col-12\">\n                    <h1 class=\"mb-10 text-center\">Novinky<\/h1>\n                <\/div>\n            <\/div>\n            <div class=\"row\">\n                                            <div class=\"col-lg-4 col-md-6\">\n                                <div class=\"section-news-wrap\">\n                                    <a href=\"https:\/\/ledco.sk\/cs\/ledco-colorsled-na-dnech-otevrenych-dveri-aulix-2025-svetlo-design-a-nove-trendy-pod-jednou-strechou\/\" title=\"LEDCO &amp; ColorsLED na Dni otev\u0159en\u00fdch dve\u0159\u00ed AULIX 2025 \u2013 sv\u011btlo, design a nov\u00e9 trendy pod jednou st\u0159echou\">\n                                        <img decoding=\"async\" src=\"https:\/\/ledco.sk\/wp-content\/uploads\/2025\/11\/Aulix-2025-1-430x320.jpg\" srcset=\"https:\/\/ledco.sk\/wp-content\/uploads\/2025\/11\/Aulix-2025-1-430x320.jpg 1x, https:\/\/ledco.sk\/wp-content\/uploads\/2025\/11\/Aulix-2025-1-860x640.jpg 2x\" alt=\"\">                                        <div class=\"my-2\"><span class=\"posted-on\"><time class=\"entry-date published\" datetime=\"2025-11-05T08:26:04+01:00\">5. listopadu 2025<\/time><\/span><\/div>\n                                        <h3 class=\"pb-5 mb-5\">LEDCO &amp; ColorsLED na Dni otev\u0159en\u00fdch dve\u0159\u00ed AULIX 2025 \u2013 sv\u011btlo, design a nov\u00e9 trendy pod jednou st\u0159echou<\/h3>\n                                        <p>Spole\u010dn\u011b s na\u0161\u00edm partnerem AULIX lighting jsme se z\u00fa\u010dastnili Dne otev\u0159en\u00fdch dve\u0159\u00ed 2025 v Doln\u00edch&#8230;<\/p>\n                                    <\/a>\n                                <\/div>\n                            <\/div>\n                                                    <div class=\"col-lg-4 col-md-6\">\n                                <div class=\"section-news-wrap\">\n                                    <a href=\"https:\/\/ledco.sk\/cs\/led-moduly-pro-podsviceni-velkych-ploch\/\" title=\"LED moduly pro velkoplo\u0161n\u00e9 podsv\u00edcen\u00ed: nov\u00e1 generace LEDcoMatrix\u00ae a LEDcoRoll\u00ae\">\n                                        <img decoding=\"async\" src=\"https:\/\/ledco.sk\/wp-content\/uploads\/2025\/07\/Realizace-Matrix-430x320.jpg\" srcset=\"https:\/\/ledco.sk\/wp-content\/uploads\/2025\/07\/Realizace-Matrix-430x320.jpg 1x, https:\/\/ledco.sk\/wp-content\/uploads\/2025\/07\/Realizace-Matrix-860x640.jpg 2x\" alt=\"\">                                        <div class=\"my-2\"><span class=\"posted-on\"><time class=\"entry-date published\" datetime=\"2025-09-02T06:36:50+02:00\">2. z\u00e1\u0159\u00ed 2025<\/time><\/span><\/div>\n                                        <h3 class=\"pb-5 mb-5\">LED moduly pro velkoplo\u0161n\u00e9 podsv\u00edcen\u00ed: nov\u00e1 generace LEDcoMatrix\u00ae a LEDcoRoll\u00ae<\/h3>\n                                        <p>Inovativn\u00ed syst\u00e9my LEDcoMatrix\u00ae a LEDcoRoll\u00ae spole\u010dnosti LEDCO p\u0159edstavuj\u00ed efektivn\u00ed \u0159e\u0161en\u00ed pro&#8230;<\/p>\n                                    <\/a>\n                                <\/div>\n                            <\/div>\n                                                    <div class=\"col-lg-4 col-md-6\">\n                                <div class=\"section-news-wrap\">\n                                    <a href=\"https:\/\/ledco.sk\/cs\/colorsled-magic-360-neon-flex-osvetleni\/\" title=\"ColorsLED \u2013 Neon\u202fFlex &amp; Magic\u202f360: Co v\u0161echno p\u0159in\u00e1\u0161ej\u00ed?\">\n                                        <img decoding=\"async\" src=\"https:\/\/ledco.sk\/wp-content\/uploads\/2025\/07\/ColorsLED-obrazek-430x320.png\" srcset=\"https:\/\/ledco.sk\/wp-content\/uploads\/2025\/07\/ColorsLED-obrazek-430x320.png 1x, https:\/\/ledco.sk\/wp-content\/uploads\/2025\/07\/ColorsLED-obrazek-860x542.png 2x\" alt=\"\">                                        <div class=\"my-2\"><span class=\"posted-on\"><time class=\"entry-date published\" datetime=\"2025-07-23T12:04:36+02:00\">23. \u010dervence 2025<\/time><\/span><\/div>\n                                        <h3 class=\"pb-5 mb-5\">ColorsLED \u2013 Neon\u202fFlex &amp; Magic\u202f360: Co v\u0161echno p\u0159in\u00e1\u0161ej\u00ed?<\/h3>\n                                        <p>Objevte mimo\u0159\u00e1dn\u011b flexibiln\u00ed LED p\u00e1sky ColorsLED Magic 360 \u2013 novinku pro architekty, design\u00e9ry i kreativn\u00ed&#8230;<\/p>\n                                    <\/a>\n                                <\/div>\n                            <\/div>\n                                    <\/div>\n        <\/div>\n    <\/section>\n\n","protected":false},"excerpt":{"rendered":"","protected":false},"author":1,"featured_media":0,"parent":0,"menu_order":0,"comment_status":"closed","ping_status":"closed","template":"","meta":{"_acf_changed":false,"footnotes":""},"class_list":["post-101963","page","type-page","status-publish","hentry"],"acf":[],"yoast_head":"<!-- This site is optimized with the Yoast SEO plugin v25.0 - https:\/\/yoast.com\/wordpress\/plugins\/seo\/ -->\n<title>404 - Ledco<\/title>\n<meta name=\"description\" content=\"Svietidl\u00e1, n\u00e1vrh a realiz\u00e1cia osvetlenia. Osvetlenie kancel\u00e1ri\u00ed, obchodov, v\u00fdrobn\u00fdch h\u00e1l \u010di dom\u00e1cnost\u00ed. Modern\u00e9 LED svietidl\u00e1, riadenie a doplnky.\" \/>\n<meta name=\"robots\" content=\"index, follow, max-snippet:-1, max-image-preview:large, max-video-preview:-1\" \/>\n<link rel=\"canonical\" href=\"https:\/\/ledco.sk\/cs\/404-2\/\" \/>\n<meta property=\"og:locale\" content=\"cs_CZ\" \/>\n<meta property=\"og:type\" content=\"article\" \/>\n<meta property=\"og:title\" content=\"404 - Ledco\" \/>\n<meta property=\"og:description\" content=\"Svietidl\u00e1, n\u00e1vrh a realiz\u00e1cia osvetlenia. Osvetlenie kancel\u00e1ri\u00ed, obchodov, v\u00fdrobn\u00fdch h\u00e1l \u010di dom\u00e1cnost\u00ed. Modern\u00e9 LED svietidl\u00e1, riadenie a doplnky.\" \/>\n<meta property=\"og:url\" content=\"https:\/\/ledco.sk\/cs\/404-2\/\" \/>\n<meta property=\"og:site_name\" content=\"Ledco\" \/>\n<meta property=\"article:publisher\" content=\"https:\/\/www.facebook.com\/pages\/LEDCO-sro\/172577579457232?fref=ts\" \/>\n<meta property=\"article:modified_time\" content=\"2020-05-12T14:34:38+00:00\" \/>\n<meta name=\"twitter:card\" content=\"summary_large_image\" \/>\n<meta name=\"twitter:site\" content=\"@ledcolighting\" \/>\n<script type=\"application\/ld+json\" class=\"yoast-schema-graph\">{\"@context\":\"https:\/\/schema.org\",\"@graph\":[{\"@type\":\"WebPage\",\"@id\":\"https:\/\/ledco.sk\/cs\/404-2\/\",\"url\":\"https:\/\/ledco.sk\/cs\/404-2\/\",\"name\":\"404 - Ledco\",\"isPartOf\":{\"@id\":\"https:\/\/ledco.sk\/cs\/#website\"},\"datePublished\":\"2020-05-12T14:34:37+00:00\",\"dateModified\":\"2020-05-12T14:34:38+00:00\",\"description\":\"Svietidl\u00e1, n\u00e1vrh a realiz\u00e1cia osvetlenia. Osvetlenie kancel\u00e1ri\u00ed, obchodov, v\u00fdrobn\u00fdch h\u00e1l \u010di dom\u00e1cnost\u00ed. Modern\u00e9 LED svietidl\u00e1, riadenie a doplnky.\",\"breadcrumb\":{\"@id\":\"https:\/\/ledco.sk\/cs\/404-2\/#breadcrumb\"},\"inLanguage\":\"cs\",\"potentialAction\":[{\"@type\":\"ReadAction\",\"target\":[\"https:\/\/ledco.sk\/cs\/404-2\/\"]}]},{\"@type\":\"BreadcrumbList\",\"@id\":\"https:\/\/ledco.sk\/cs\/404-2\/#breadcrumb\",\"itemListElement\":[{\"@type\":\"ListItem\",\"position\":1,\"name\":\"Home\",\"item\":\"https:\/\/ledco.sk\/cs\/\"},{\"@type\":\"ListItem\",\"position\":2,\"name\":\"404\"}]},{\"@type\":\"WebSite\",\"@id\":\"https:\/\/ledco.sk\/cs\/#website\",\"url\":\"https:\/\/ledco.sk\/cs\/\",\"name\":\"Ledco\",\"description\":\"Predaj svietidiel, n\u00e1vrh, poradenstvo a realiz\u00e1cia osvetlenia\",\"publisher\":{\"@id\":\"https:\/\/ledco.sk\/cs\/#organization\"},\"potentialAction\":[{\"@type\":\"SearchAction\",\"target\":{\"@type\":\"EntryPoint\",\"urlTemplate\":\"https:\/\/ledco.sk\/cs\/?s={search_term_string}\"},\"query-input\":{\"@type\":\"PropertyValueSpecification\",\"valueRequired\":true,\"valueName\":\"search_term_string\"}}],\"inLanguage\":\"cs\"},{\"@type\":\"Organization\",\"@id\":\"https:\/\/ledco.sk\/cs\/#organization\",\"name\":\"LEDCO s.r.o.\",\"url\":\"https:\/\/ledco.sk\/cs\/\",\"logo\":{\"@type\":\"ImageObject\",\"inLanguage\":\"cs\",\"@id\":\"https:\/\/ledco.sk\/cs\/#\/schema\/logo\/image\/\",\"url\":\"https:\/\/ledco.sk\/wp-content\/uploads\/2020\/03\/Logo_LEDCO.jpg\",\"contentUrl\":\"https:\/\/ledco.sk\/wp-content\/uploads\/2020\/03\/Logo_LEDCO.jpg\",\"width\":230,\"height\":73,\"caption\":\"LEDCO s.r.o.\"},\"image\":{\"@id\":\"https:\/\/ledco.sk\/cs\/#\/schema\/logo\/image\/\"},\"sameAs\":[\"https:\/\/www.facebook.com\/pages\/LEDCO-sro\/172577579457232?fref=ts\",\"https:\/\/x.com\/ledcolighting\",\"https:\/\/www.instagram.com\/ledco_lighting\/\",\"https:\/\/pinterest.com\/ledcolighting\/\",\"https:\/\/www.youtube.com\/user\/ledcoled\"]}]}<\/script>\n<!-- \/ Yoast SEO plugin. -->","yoast_head_json":{"title":"404 - Ledco","description":"Svietidl\u00e1, n\u00e1vrh a realiz\u00e1cia osvetlenia. Osvetlenie kancel\u00e1ri\u00ed, obchodov, v\u00fdrobn\u00fdch h\u00e1l \u010di dom\u00e1cnost\u00ed. Modern\u00e9 LED svietidl\u00e1, riadenie a doplnky.","robots":{"index":"index","follow":"follow","max-snippet":"max-snippet:-1","max-image-preview":"max-image-preview:large","max-video-preview":"max-video-preview:-1"},"canonical":"https:\/\/ledco.sk\/cs\/404-2\/","og_locale":"cs_CZ","og_type":"article","og_title":"404 - Ledco","og_description":"Svietidl\u00e1, n\u00e1vrh a realiz\u00e1cia osvetlenia. Osvetlenie kancel\u00e1ri\u00ed, obchodov, v\u00fdrobn\u00fdch h\u00e1l \u010di dom\u00e1cnost\u00ed. Modern\u00e9 LED svietidl\u00e1, riadenie a doplnky.","og_url":"https:\/\/ledco.sk\/cs\/404-2\/","og_site_name":"Ledco","article_publisher":"https:\/\/www.facebook.com\/pages\/LEDCO-sro\/172577579457232?fref=ts","article_modified_time":"2020-05-12T14:34:38+00:00","twitter_card":"summary_large_image","twitter_site":"@ledcolighting","schema":{"@context":"https:\/\/schema.org","@graph":[{"@type":"WebPage","@id":"https:\/\/ledco.sk\/cs\/404-2\/","url":"https:\/\/ledco.sk\/cs\/404-2\/","name":"404 - Ledco","isPartOf":{"@id":"https:\/\/ledco.sk\/cs\/#website"},"datePublished":"2020-05-12T14:34:37+00:00","dateModified":"2020-05-12T14:34:38+00:00","description":"Svietidl\u00e1, n\u00e1vrh a realiz\u00e1cia osvetlenia. Osvetlenie kancel\u00e1ri\u00ed, obchodov, v\u00fdrobn\u00fdch h\u00e1l \u010di dom\u00e1cnost\u00ed. Modern\u00e9 LED svietidl\u00e1, riadenie a doplnky.","breadcrumb":{"@id":"https:\/\/ledco.sk\/cs\/404-2\/#breadcrumb"},"inLanguage":"cs","potentialAction":[{"@type":"ReadAction","target":["https:\/\/ledco.sk\/cs\/404-2\/"]}]},{"@type":"BreadcrumbList","@id":"https:\/\/ledco.sk\/cs\/404-2\/#breadcrumb","itemListElement":[{"@type":"ListItem","position":1,"name":"Home","item":"https:\/\/ledco.sk\/cs\/"},{"@type":"ListItem","position":2,"name":"404"}]},{"@type":"WebSite","@id":"https:\/\/ledco.sk\/cs\/#website","url":"https:\/\/ledco.sk\/cs\/","name":"Ledco","description":"Predaj svietidiel, n\u00e1vrh, poradenstvo a realiz\u00e1cia osvetlenia","publisher":{"@id":"https:\/\/ledco.sk\/cs\/#organization"},"potentialAction":[{"@type":"SearchAction","target":{"@type":"EntryPoint","urlTemplate":"https:\/\/ledco.sk\/cs\/?s={search_term_string}"},"query-input":{"@type":"PropertyValueSpecification","valueRequired":true,"valueName":"search_term_string"}}],"inLanguage":"cs"},{"@type":"Organization","@id":"https:\/\/ledco.sk\/cs\/#organization","name":"LEDCO s.r.o.","url":"https:\/\/ledco.sk\/cs\/","logo":{"@type":"ImageObject","inLanguage":"cs","@id":"https:\/\/ledco.sk\/cs\/#\/schema\/logo\/image\/","url":"https:\/\/ledco.sk\/wp-content\/uploads\/2020\/03\/Logo_LEDCO.jpg","contentUrl":"https:\/\/ledco.sk\/wp-content\/uploads\/2020\/03\/Logo_LEDCO.jpg","width":230,"height":73,"caption":"LEDCO s.r.o."},"image":{"@id":"https:\/\/ledco.sk\/cs\/#\/schema\/logo\/image\/"},"sameAs":["https:\/\/www.facebook.com\/pages\/LEDCO-sro\/172577579457232?fref=ts","https:\/\/x.com\/ledcolighting","https:\/\/www.instagram.com\/ledco_lighting\/","https:\/\/pinterest.com\/ledcolighting\/","https:\/\/www.youtube.com\/user\/ledcoled"]}]}},"_links":{"self":[{"href":"https:\/\/ledco.sk\/cs\/wp-json\/wp\/v2\/pages\/101963","targetHints":{"allow":["GET"]}}],"collection":[{"href":"https:\/\/ledco.sk\/cs\/wp-json\/wp\/v2\/pages"}],"about":[{"href":"https:\/\/ledco.sk\/cs\/wp-json\/wp\/v2\/types\/page"}],"author":[{"embeddable":true,"href":"https:\/\/ledco.sk\/cs\/wp-json\/wp\/v2\/users\/1"}],"replies":[{"embeddable":true,"href":"https:\/\/ledco.sk\/cs\/wp-json\/wp\/v2\/comments?post=101963"}],"version-history":[{"count":1,"href":"https:\/\/ledco.sk\/cs\/wp-json\/wp\/v2\/pages\/101963\/revisions"}],"predecessor-version":[{"id":101964,"href":"https:\/\/ledco.sk\/cs\/wp-json\/wp\/v2\/pages\/101963\/revisions\/101964"}],"wp:attachment":[{"href":"https:\/\/ledco.sk\/cs\/wp-json\/wp\/v2\/media?parent=101963"}],"curies":[{"name":"wp","href":"https:\/\/api.w.org\/{rel}","templated":true}]}}